{"id":1992,"date":"2024-01-31T12:19:21","date_gmt":"2024-01-31T11:19:21","guid":{"rendered":"https:\/\/btp.mazoyer.fr\/?page_id=1992"},"modified":"2024-12-20T07:45:40","modified_gmt":"2024-12-20T06:45:40","slug":"marques","status":"publish","type":"page","link":"https:\/\/btp.mazoyer.fr\/en\/marques\/","title":{"rendered":"Brands"},"content":{"rendered":"<div data-elementor-type=\"wp-page\" data-elementor-id=\"1992\" class=\"elementor elementor-1992\">\n\t\t\t\t\t\t<section class=\"elementor-section elementor-top-section elementor-element elementor-element-11b5c09 elementor-section-boxed elementor-section-height-default elementor-section-height-default wpr-particle-no wpr-jarallax-no wpr-parallax-no wpr-sticky-section-no\" data-id=\"11b5c09\" data-element_type=\"section\" data-settings=\"{&quot;background_background&quot;:&quot;classic&quot;}\">\n\t\t\t\t\t\t\t<div class=\"elementor-background-overlay\"><\/div>\n\t\t\t\t\t\t\t<div class=\"elementor-container elementor-column-gap-default\">\n\t\t\t\t\t<div class=\"elementor-column elementor-col-100 elementor-top-column elementor-element elementor-element-7e19848\" data-id=\"7e19848\" data-element_type=\"column\">\n\t\t\t<div class=\"elementor-widget-wrap elementor-element-populated\">\n\t\t\t\t\t\t<div class=\"elementor-element elementor-element-d0ceb17 elementor-widget elementor-widget-heading\" data-id=\"d0ceb17\" data-element_type=\"widget\" data-widget_type=\"heading.default\">\n\t\t\t\t<div class=\"elementor-widget-container\">\n\t\t\t\t\t<h2 class=\"elementor-heading-title elementor-size-default\">Brands<\/h2>\t\t\t\t<\/div>\n\t\t\t\t<\/div>\n\t\t\t\t<div class=\"elementor-element elementor-element-bc691e2 elementor-widget elementor-widget-text-editor\" data-id=\"bc691e2\" data-element_type=\"widget\" data-widget_type=\"text-editor.default\">\n\t\t\t\t<div class=\"elementor-widget-container\">\n\t\t\t\t\t\t\t\t\t<p>CONSTRUCTION MACHINERY<\/p>\t\t\t\t\t\t\t\t<\/div>\n\t\t\t\t<\/div>\n\t\t<div class=\"elementor-element elementor-element-942298f e-flex e-con-boxed wpr-particle-no wpr-jarallax-no wpr-parallax-no wpr-sticky-section-no e-con e-parent\" data-id=\"942298f\" data-element_type=\"container\">\n\t\t\t\t\t<div class=\"e-con-inner\">\n\t\t<div class=\"elementor-element elementor-element-187620a e-con-full e-flex wpr-particle-no wpr-jarallax-no wpr-parallax-no wpr-sticky-section-no e-con e-child\" data-id=\"187620a\" data-element_type=\"container\">\n\t\t\t\t<div class=\"elementor-element elementor-element-f57f82f wpr-button-icon-style-inline wpr-button-icon-position-right elementor-widget elementor-widget-wpr-button\" data-id=\"f57f82f\" data-element_type=\"widget\" data-widget_type=\"wpr-button.default\">\n\t\t\t\t<div class=\"elementor-widget-container\">\n\t\t\t\t\t\t\n\t\t\t\n\t\t\n\t\t<div class=\"wpr-button-wrap elementor-clearfix\">\n\t\t<a class=\"wpr-button wpr-button-effect wpr-button-none\" data-text=\"Go\" href=\"https:\/\/btp.mazoyer.fr\/en\/contact\/\">\n\t\t\t\n\t\t\t<span class=\"wpr-button-content\">\n\t\t\t\t\t\t\t\t\t<span class=\"wpr-button-text\">Contact us<\/span>\n\t\t\t\t\t\t\t\t\n\t\t\t\t\t\t\t<\/span>\n\t\t<\/a>\n\n\t\t\t\t<\/div>\n\t\n\t\n\t\t\t\t\t<\/div>\n\t\t\t\t<\/div>\n\t\t\t\t<div class=\"elementor-element elementor-element-1669b9f wpr-button-icon-style-inline wpr-button-icon-position-right elementor-widget elementor-widget-wpr-button\" data-id=\"1669b9f\" data-element_type=\"widget\" data-widget_type=\"wpr-button.default\">\n\t\t\t\t<div class=\"elementor-widget-container\">\n\t\t\t\t\t\t\n\t\t\t\n\t\t\n\t\t<div class=\"wpr-button-wrap elementor-clearfix\">\n\t\t<a class=\"wpr-button wpr-button-effect wpr-button-none\" data-text=\"Go\" href=\"https:\/\/btp.mazoyer.fr\/en\/occasion\/\">\n\t\t\t\n\t\t\t<span class=\"wpr-button-content\">\n\t\t\t\t\t\t\t\t\t<span class=\"wpr-button-text\">Mat\u00e9riels d&#039;occasion<\/span>\n\t\t\t\t\t\t\t\t\n\t\t\t\t\t\t\t<\/span>\n\t\t<\/a>\n\n\t\t\t\t<\/div>\n\t\n\t\n\t\t\t\t\t<\/div>\n\t\t\t\t<\/div>\n\t\t\t\t<\/div>\n\t\t\t\t\t<\/div>\n\t\t\t\t<\/div>\n\t\t\t\t\t<\/div>\n\t\t<\/div>\n\t\t\t\t\t<\/div>\n\t\t<\/section>\n\t\t<div class=\"elementor-element elementor-element-c2d08d4 e-flex e-con-boxed wpr-particle-no wpr-jarallax-no wpr-parallax-no wpr-sticky-section-no e-con e-parent\" data-id=\"c2d08d4\" data-element_type=\"container\">\n\t\t\t\t\t<div class=\"e-con-inner\">\n\t\t<div class=\"elementor-element elementor-element-1bc682c e-flex e-con-boxed wpr-particle-no wpr-jarallax-no wpr-parallax-no wpr-sticky-section-no e-con e-child\" data-id=\"1bc682c\" data-element_type=\"container\">\n\t\t\t\t\t<div class=\"e-con-inner\">\n\t\t\t\t<div class=\"elementor-element elementor-element-78adf9f elementor-widget elementor-widget-heading\" data-id=\"78adf9f\" data-element_type=\"widget\" data-widget_type=\"heading.default\">\n\t\t\t\t<div class=\"elementor-widget-container\">\n\t\t\t\t\t<h2 class=\"elementor-heading-title elementor-size-default\">OUR CONSTRUCTION MACHINERY\n<\/h2>\t\t\t\t<\/div>\n\t\t\t\t<\/div>\n\t\t\t\t<div class=\"elementor-element elementor-element-a97382a elementor-widget elementor-widget-text-editor\" data-id=\"a97382a\" data-element_type=\"widget\" data-widget_type=\"text-editor.default\">\n\t\t\t\t<div class=\"elementor-widget-container\">\n\t\t\t\t\t\t\t\t\t<p>Mazoyer est sp\u00e9cialis\u00e9 en vente de machines de chantier pr\u00e8s de Dijon.<\/p><p>Contactez nos sp\u00e9cialistes des machines de travaux pour en savoir davantage ou pour obtenir un devis. D\u00e9couvrez \u00e9galement nos engins de travaux d\u2019occasion et tenez-vous inform\u00e9 des nouveaut\u00e9s concernant nos machines de travaux publics.<\/p>\t\t\t\t\t\t\t\t<\/div>\n\t\t\t\t<\/div>\n\t\t\t\t\t<\/div>\n\t\t\t\t<\/div>\n\t\t<div class=\"elementor-element elementor-element-4bacd23 e-flex e-con-boxed wpr-particle-no wpr-jarallax-no wpr-parallax-no wpr-sticky-section-no e-con e-child\" data-id=\"4bacd23\" data-element_type=\"container\">\n\t\t\t\t\t<div class=\"e-con-inner\">\n\t\t<div class=\"elementor-element elementor-element-8954799 e-con-full e-flex wpr-particle-no wpr-jarallax-no wpr-parallax-no wpr-sticky-section-no e-con e-child\" data-id=\"8954799\" data-element_type=\"container\">\n\t\t\t\t<div class=\"elementor-element elementor-element-f249760 elementor-widget elementor-widget-image\" data-id=\"f249760\" data-element_type=\"widget\" data-widget_type=\"image.default\">\n\t\t\t\t<div class=\"elementor-widget-container\">\n\t\t\t\t\t\t\t\t\t\t\t\t\t\t\t\t<a href=\"https:\/\/www.bobcat.com\/eu\/fr\" target=\"_blank\">\n\t\t\t\t\t\t\t<img fetchpriority=\"high\" decoding=\"async\" width=\"700\" height=\"191\" src=\"https:\/\/btp.mazoyer.fr\/wp-content\/uploads\/2024\/06\/Image-29.jpeg\" class=\"attachment-full size-full wp-image-8915\" alt=\"\" srcset=\"https:\/\/btp.mazoyer.fr\/wp-content\/uploads\/2024\/06\/Image-29.jpeg 700w, https:\/\/btp.mazoyer.fr\/wp-content\/uploads\/2024\/06\/Image-29-300x82.jpeg 300w, https:\/\/btp.mazoyer.fr\/wp-content\/uploads\/2024\/06\/Image-29-18x5.jpeg 18w, https:\/\/btp.mazoyer.fr\/wp-content\/uploads\/2024\/06\/Image-29-600x164.jpeg 600w\" sizes=\"(max-width: 700px) 100vw, 700px\" \/>\t\t\t\t\t\t\t\t<\/a>\n\t\t\t\t\t\t\t\t\t\t\t\t\t\t\t<\/div>\n\t\t\t\t<\/div>\n\t\t\t\t<div class=\"elementor-element elementor-element-1622480 elementor-view-default elementor-position-top elementor-mobile-position-top elementor-widget elementor-widget-icon-box\" data-id=\"1622480\" data-element_type=\"widget\" data-widget_type=\"icon-box.default\">\n\t\t\t\t<div class=\"elementor-widget-container\">\n\t\t\t\t\t\t\t<div class=\"elementor-icon-box-wrapper\">\n\n\t\t\t\t\t\t<div class=\"elementor-icon-box-icon\">\n\t\t\t\t<span  class=\"elementor-icon elementor-animation-\">\n\t\t\t\t<svg aria-hidden=\"true\" class=\"e-font-icon-svg e-far-window-minimize\" viewbox=\"0 0 512 512\" xmlns=\"http:\/\/www.w3.org\/2000\/svg\"><path d=\"M480 480H32c-17.7 0-32-14.3-32-32s14.3-32 32-32h448c17.7 0 32 14.3 32 32s-14.3 32-32 32z\"><\/path><\/svg>\t\t\t\t<\/span>\n\t\t\t<\/div>\n\t\t\t\n\t\t\t\t\t\t<div class=\"elementor-icon-box-content\">\n\n\t\t\t\t\t\t\t\t\t<h3 class=\"elementor-icon-box-title\">\n\t\t\t\t\t\t<span  >\n\t\t\t\t\t\t\tMini-pelles, pelles \u00e0 chenilles\/pneus, chargeuses, chariots t\u00e9lescopiques\/rotatifs...\t\t\t\t\t\t<\/span>\n\t\t\t\t\t<\/h3>\n\t\t\t\t\n\t\t\t\t\t\t\t\t\t<p class=\"elementor-icon-box-description\">\n\t\t\t\t\t\tDepuis + de 60 ans, BOBCAT construit des mat\u00e9riels compacts qui vous aident \u00e0 travailler plus efficacement.  Vous pouvez compter sur la performance, la robustesse, le confort et la polyvalence de nos machines et accessoires.\t\t\t\t\t<\/p>\n\t\t\t\t\n\t\t\t<\/div>\n\t\t\t\n\t\t<\/div>\n\t\t\t\t\t\t<\/div>\n\t\t\t\t<\/div>\n\t\t\t\t<\/div>\n\t\t<div class=\"elementor-element elementor-element-6f8572e e-con-full e-flex wpr-particle-no wpr-jarallax-no wpr-parallax-no wpr-sticky-section-no e-con e-child\" data-id=\"6f8572e\" data-element_type=\"container\">\n\t\t\t\t<div class=\"elementor-element elementor-element-0466ac6 elementor-widget elementor-widget-image\" data-id=\"0466ac6\" data-element_type=\"widget\" data-widget_type=\"image.default\">\n\t\t\t\t<div class=\"elementor-widget-container\">\n\t\t\t\t\t\t\t\t\t\t\t\t\t\t\t\t<a href=\"https:\/\/www.ausa.com\/fr-fr\/\" target=\"_blank\">\n\t\t\t\t\t\t\t<img decoding=\"async\" width=\"225\" height=\"225\" src=\"https:\/\/btp.mazoyer.fr\/wp-content\/uploads\/2024\/11\/Image-7.jpeg\" class=\"attachment-full size-full wp-image-10345\" alt=\"\" srcset=\"https:\/\/btp.mazoyer.fr\/wp-content\/uploads\/2024\/11\/Image-7.jpeg 225w, https:\/\/btp.mazoyer.fr\/wp-content\/uploads\/2024\/11\/Image-7-150x150.jpeg 150w, https:\/\/btp.mazoyer.fr\/wp-content\/uploads\/2024\/11\/Image-7-12x12.jpeg 12w, https:\/\/btp.mazoyer.fr\/wp-content\/uploads\/2024\/11\/Image-7-100x100.jpeg 100w\" sizes=\"(max-width: 225px) 100vw, 225px\" \/>\t\t\t\t\t\t\t\t<\/a>\n\t\t\t\t\t\t\t\t\t\t\t\t\t\t\t<\/div>\n\t\t\t\t<\/div>\n\t\t\t\t<div class=\"elementor-element elementor-element-1620ae4 elementor-view-default elementor-position-top elementor-mobile-position-top elementor-widget elementor-widget-icon-box\" data-id=\"1620ae4\" data-element_type=\"widget\" data-widget_type=\"icon-box.default\">\n\t\t\t\t<div class=\"elementor-widget-container\">\n\t\t\t\t\t\t\t<div class=\"elementor-icon-box-wrapper\">\n\n\t\t\t\t\t\t<div class=\"elementor-icon-box-icon\">\n\t\t\t\t<span  class=\"elementor-icon elementor-animation-\">\n\t\t\t\t<svg aria-hidden=\"true\" class=\"e-font-icon-svg e-far-window-minimize\" viewbox=\"0 0 512 512\" xmlns=\"http:\/\/www.w3.org\/2000\/svg\"><path d=\"M480 480H32c-17.7 0-32-14.3-32-32s14.3-32 32-32h448c17.7 0 32 14.3 32 32s-14.3 32-32 32z\"><\/path><\/svg>\t\t\t\t<\/span>\n\t\t\t<\/div>\n\t\t\t\n\t\t\t\t\t\t<div class=\"elementor-icon-box-content\">\n\n\t\t\t\t\t\t\t\t\t<h3 class=\"elementor-icon-box-title\">\n\t\t\t\t\t\t<span  >\n\t\t\t\t\t\t\tDumpers, chariots t\u00e9lescopiques...\t\t\t\t\t\t<\/span>\n\t\t\t\t\t<\/h3>\n\t\t\t\t\n\t\t\t\t\t\t\t\t\t<p class=\"elementor-icon-box-description\">\n\t\t\t\t\t\tAUSA est constructeur mondial d\u2019engins industriels compacts tout-terrain con\u00e7us pour le transport et la manutention de mat\u00e9riels.\t\t\t\t\t<\/p>\n\t\t\t\t\n\t\t\t<\/div>\n\t\t\t\n\t\t<\/div>\n\t\t\t\t\t\t<\/div>\n\t\t\t\t<\/div>\n\t\t\t\t<\/div>\n\t\t<div class=\"elementor-element elementor-element-c4bd851 e-con-full e-flex wpr-particle-no wpr-jarallax-no wpr-parallax-no wpr-sticky-section-no e-con e-child\" data-id=\"c4bd851\" data-element_type=\"container\">\n\t\t\t\t<div class=\"elementor-element elementor-element-20fbc98 elementor-widget elementor-widget-image\" data-id=\"20fbc98\" data-element_type=\"widget\" data-widget_type=\"image.default\">\n\t\t\t\t<div class=\"elementor-widget-container\">\n\t\t\t\t\t\t\t\t\t\t\t\t\t\t\t\t<a href=\"https:\/\/steelwrist.com\" target=\"_blank\">\n\t\t\t\t\t\t\t<img decoding=\"async\" width=\"768\" height=\"317\" src=\"https:\/\/btp.mazoyer.fr\/wp-content\/uploads\/2024\/12\/Manutention.png-e1734677130526-768x317.png\" class=\"attachment-medium_large size-medium_large wp-image-10393\" alt=\"\" srcset=\"https:\/\/btp.mazoyer.fr\/wp-content\/uploads\/2024\/12\/Manutention.png-e1734677130526-768x317.png 768w, https:\/\/btp.mazoyer.fr\/wp-content\/uploads\/2024\/12\/Manutention.png-e1734677130526-300x124.png 300w, https:\/\/btp.mazoyer.fr\/wp-content\/uploads\/2024\/12\/Manutention.png-e1734677130526-1024x423.png 1024w, https:\/\/btp.mazoyer.fr\/wp-content\/uploads\/2024\/12\/Manutention.png-e1734677130526-18x7.png 18w, https:\/\/btp.mazoyer.fr\/wp-content\/uploads\/2024\/12\/Manutention.png-e1734677130526-600x248.png 600w, https:\/\/btp.mazoyer.fr\/wp-content\/uploads\/2024\/12\/Manutention.png-e1734677130526.png 1410w\" sizes=\"(max-width: 768px) 100vw, 768px\" \/>\t\t\t\t\t\t\t\t<\/a>\n\t\t\t\t\t\t\t\t\t\t\t\t\t\t\t<\/div>\n\t\t\t\t<\/div>\n\t\t\t\t<div class=\"elementor-element elementor-element-ff8e843 elementor-view-default elementor-position-top elementor-mobile-position-top elementor-widget elementor-widget-icon-box\" data-id=\"ff8e843\" data-element_type=\"widget\" data-widget_type=\"icon-box.default\">\n\t\t\t\t<div class=\"elementor-widget-container\">\n\t\t\t\t\t\t\t<div class=\"elementor-icon-box-wrapper\">\n\n\t\t\t\t\t\t<div class=\"elementor-icon-box-icon\">\n\t\t\t\t<span  class=\"elementor-icon elementor-animation-\">\n\t\t\t\t<svg aria-hidden=\"true\" class=\"e-font-icon-svg e-far-window-minimize\" viewbox=\"0 0 512 512\" xmlns=\"http:\/\/www.w3.org\/2000\/svg\"><path d=\"M480 480H32c-17.7 0-32-14.3-32-32s14.3-32 32-32h448c17.7 0 32 14.3 32 32s-14.3 32-32 32z\"><\/path><\/svg>\t\t\t\t<\/span>\n\t\t\t<\/div>\n\t\t\t\n\t\t\t\t\t\t<div class=\"elementor-icon-box-content\">\n\n\t\t\t\t\t\t\t\t\t<h3 class=\"elementor-icon-box-title\">\n\t\t\t\t\t\t<span  >\n\t\t\t\t\t\t\tAccessoires BTP\t\t\t\t\t\t<\/span>\n\t\t\t\t\t<\/h3>\n\t\t\t\t\n\t\t\t\t\t\t\t\t\t<p class=\"elementor-icon-box-description\">\n\t\t\t\t\t\tFabricant mondial engag\u00e9 dans l\u2019efficacit\u00e9.\nLe c\u0153ur de l\u2019offre de produits STEELWRIST comprend des attaches rapides, des attaches inclinables et des tiltrotateurs qui, avec le syst\u00e8me de commande, constituent la base d\u2019une plus grande efficacit\u00e9 de la pelle.\nL\u2019accent mis sur des produits robustes et modernes, associ\u00e9s \u00e0 un service rapide, a \u00e9t\u00e9 appr\u00e9ci\u00e9 par un nombre croissant de clients.\t\t\t\t\t<\/p>\n\t\t\t\t\n\t\t\t<\/div>\n\t\t\t\n\t\t<\/div>\n\t\t\t\t\t\t<\/div>\n\t\t\t\t<\/div>\n\t\t\t\t<\/div>\n\t\t\t\t\t<\/div>\n\t\t\t\t<\/div>\n\t\t<div class=\"elementor-element elementor-element-78680f3 e-flex e-con-boxed wpr-particle-no wpr-jarallax-no wpr-parallax-no wpr-sticky-section-no e-con e-child\" data-id=\"78680f3\" data-element_type=\"container\">\n\t\t\t\t\t<div class=\"e-con-inner\">\n\t\t\t\t\t<\/div>\n\t\t\t\t<\/div>\n\t\t<div class=\"elementor-element elementor-element-6234b8a e-flex e-con-boxed wpr-particle-no wpr-jarallax-no wpr-parallax-no wpr-sticky-section-no e-con e-child\" data-id=\"6234b8a\" data-element_type=\"container\">\n\t\t\t\t\t<div class=\"e-con-inner\">\n\t\t\t\t<div class=\"elementor-element elementor-element-a5548dc wpr-pc-btn-align-fixed wpr-pc-btn-align-fixed-right elementor-widget elementor-widget-wpr-phone-call\" data-id=\"a5548dc\" data-element_type=\"widget\" data-widget_type=\"wpr-phone-call.default\">\n\t\t\t\t<div class=\"elementor-widget-container\">\n\t\t\t\t\t<div class=\"wpr-pc-wrapper\"><a href=\"tel:123456789marques\" class=\"wpr-pc-btn\"><div class=\"wpr-pc-content\"><span class=\"wpr-pc-btn-icon\"><svg class=\"e-font-icon-svg e-fas-phone\" viewbox=\"0 0 512 512\" xmlns=\"http:\/\/www.w3.org\/2000\/svg\"><path d=\"M493.4 24.6l-104-24c-11.3-2.6-22.9 3.3-27.5 13.9l-48 112c-4.2 9.8-1.4 21.3 6.9 28l60.6 49.6c-36 76.7-98.9 140.5-177.2 177.2l-49.6-60.6c-6.8-8.3-18.2-11.1-28-6.9l-112 48C3.9 366.5-2 378.1.6 389.4l24 104C27.1 504.2 36.7 512 48 512c256.1 0 464-207.5 464-464 0-11.2-7.7-20.9-18.6-23.4z\"><\/path><\/svg><\/span><\/div><\/a><\/div>\t\t\t\t<\/div>\n\t\t\t\t<\/div>\n\t\t\t\t\t<\/div>\n\t\t\t\t<\/div>\n\t\t\t\t\t<\/div>\n\t\t\t\t<\/div>\n\t\t\t\t<\/div>","protected":false},"excerpt":{"rendered":"<p>Marques MACHINES DE CHANTIER Contactez-nous Mat\u00e9riels d&#039;occasion NOS MACHINES DE CHANTIER Mazoyer est sp\u00e9cialis\u00e9 en vente de machines de chantier pr\u00e8s de Dijon. Contactez nos sp\u00e9cialistes des machines de travaux pour en savoir davantage ou pour obtenir un devis. D\u00e9couvrez \u00e9galement nos engins de travaux d\u2019occasion et tenez-vous inform\u00e9 des nouveaut\u00e9s concernant nos machines de travaux publics. Mini-pelles, pelles \u00e0 chenilles\/pneus, chargeuses, chariots t\u00e9lescopiques\/rotatifs&#8230; Depuis + de 60 ans, BOBCAT construit des mat\u00e9riels compacts qui vous aident \u00e0 travailler plus efficacement. Vous pouvez compter sur la performance, la robustesse, le confort et la polyvalence de nos machines et accessoires. Dumpers, chariots t\u00e9lescopiques&#8230; AUSA est constructeur mondial d\u2019engins industriels compacts tout-terrain con\u00e7us pour le transport et la manutention de mat\u00e9riels. Accessoires BTP Fabricant mondial engag\u00e9 dans l\u2019efficacit\u00e9. Le c\u0153ur de l\u2019offre de produits STEELWRIST comprend des attaches rapides, des attaches inclinables et des tiltrotateurs qui, avec le syst\u00e8me de commande, constituent la base d\u2019une plus grande efficacit\u00e9 de la pelle. L\u2019accent mis sur des produits robustes et modernes, associ\u00e9s \u00e0 un service rapide, a \u00e9t\u00e9 appr\u00e9ci\u00e9 par un nombre croissant de clients.<\/p>","protected":false},"author":2,"featured_media":0,"parent":0,"menu_order":0,"comment_status":"closed","ping_status":"closed","template":"elementor_canvas","meta":{"_acf_changed":false,"footnotes":""},"class_list":["post-1992","page","type-page","status-publish","hentry"],"acf":[],"yoast_head":"<!-- This site is optimized with the Yoast SEO plugin v24.1 - https:\/\/yoast.com\/wordpress\/plugins\/seo\/ -->\n<title>Marques - mazoyer-btp.fr<\/title>\n<meta name=\"robots\" content=\"index, follow, max-snippet:-1, max-image-preview:large, max-video-preview:-1\" \/>\n<link rel=\"canonical\" href=\"https:\/\/btp.mazoyer.fr\/en\/marques\/\" \/>\n<meta property=\"og:locale\" content=\"en_US\" \/>\n<meta property=\"og:type\" content=\"article\" \/>\n<meta property=\"og:title\" content=\"Marques - mazoyer-btp.fr\" \/>\n<meta property=\"og:description\" content=\"Marques MACHINES DE CHANTIER Contactez-nous Mat\u00e9riels d&#039;occasion NOS MACHINES DE CHANTIER Mazoyer est sp\u00e9cialis\u00e9 en vente de machines de chantier pr\u00e8s de Dijon. Contactez nos sp\u00e9cialistes des machines de travaux pour en savoir davantage ou pour obtenir un devis. D\u00e9couvrez \u00e9galement nos engins de travaux d\u2019occasion et tenez-vous inform\u00e9 des nouveaut\u00e9s concernant nos machines de travaux publics. Mini-pelles, pelles \u00e0 chenilles\/pneus, chargeuses, chariots t\u00e9lescopiques\/rotatifs&#8230; Depuis + de 60 ans, BOBCAT construit des mat\u00e9riels compacts qui vous aident \u00e0 travailler plus efficacement. Vous pouvez compter sur la performance, la robustesse, le confort et la polyvalence de nos machines et accessoires. Dumpers, chariots t\u00e9lescopiques&#8230; AUSA est constructeur mondial d\u2019engins industriels compacts tout-terrain con\u00e7us pour le transport et la manutention de mat\u00e9riels. Accessoires BTP Fabricant mondial engag\u00e9 dans l\u2019efficacit\u00e9. Le c\u0153ur de l\u2019offre de produits STEELWRIST comprend des attaches rapides, des attaches inclinables et des tiltrotateurs qui, avec le syst\u00e8me de commande, constituent la base d\u2019une plus grande efficacit\u00e9 de la pelle. L\u2019accent mis sur des produits robustes et modernes, associ\u00e9s \u00e0 un service rapide, a \u00e9t\u00e9 appr\u00e9ci\u00e9 par un nombre croissant de clients.\" \/>\n<meta property=\"og:url\" content=\"https:\/\/btp.mazoyer.fr\/en\/marques\/\" \/>\n<meta property=\"og:site_name\" content=\"mazoyer-btp.fr\" \/>\n<meta property=\"article:modified_time\" content=\"2024-12-20T06:45:40+00:00\" \/>\n<meta property=\"og:image\" content=\"https:\/\/btp.mazoyer.fr\/wp-content\/uploads\/2024\/06\/Image-29.jpeg\" \/>\n<meta name=\"twitter:card\" content=\"summary_large_image\" \/>\n<meta name=\"twitter:label1\" content=\"Est. reading time\" \/>\n\t<meta name=\"twitter:data1\" content=\"1 minute\" \/>\n<script type=\"application\/ld+json\" class=\"yoast-schema-graph\">{\"@context\":\"https:\/\/schema.org\",\"@graph\":[{\"@type\":\"WebPage\",\"@id\":\"https:\/\/btp.mazoyer.fr\/marques\/\",\"url\":\"https:\/\/btp.mazoyer.fr\/marques\/\",\"name\":\"Marques - mazoyer-btp.fr\",\"isPartOf\":{\"@id\":\"https:\/\/btp.mazoyer.fr\/#website\"},\"primaryImageOfPage\":{\"@id\":\"https:\/\/btp.mazoyer.fr\/marques\/#primaryimage\"},\"image\":{\"@id\":\"https:\/\/btp.mazoyer.fr\/marques\/#primaryimage\"},\"thumbnailUrl\":\"https:\/\/btp.mazoyer.fr\/wp-content\/uploads\/2024\/06\/Image-29.jpeg\",\"datePublished\":\"2024-01-31T11:19:21+00:00\",\"dateModified\":\"2024-12-20T06:45:40+00:00\",\"breadcrumb\":{\"@id\":\"https:\/\/btp.mazoyer.fr\/marques\/#breadcrumb\"},\"inLanguage\":\"en-US\",\"potentialAction\":[{\"@type\":\"ReadAction\",\"target\":[\"https:\/\/btp.mazoyer.fr\/marques\/\"]}]},{\"@type\":\"ImageObject\",\"inLanguage\":\"en-US\",\"@id\":\"https:\/\/btp.mazoyer.fr\/marques\/#primaryimage\",\"url\":\"https:\/\/btp.mazoyer.fr\/wp-content\/uploads\/2024\/06\/Image-29.jpeg\",\"contentUrl\":\"https:\/\/btp.mazoyer.fr\/wp-content\/uploads\/2024\/06\/Image-29.jpeg\"},{\"@type\":\"BreadcrumbList\",\"@id\":\"https:\/\/btp.mazoyer.fr\/marques\/#breadcrumb\",\"itemListElement\":[{\"@type\":\"ListItem\",\"position\":1,\"name\":\"Accueil\",\"item\":\"https:\/\/btp.mazoyer.fr\/\"},{\"@type\":\"ListItem\",\"position\":2,\"name\":\"Marques\"}]},{\"@type\":\"WebSite\",\"@id\":\"https:\/\/btp.mazoyer.fr\/#website\",\"url\":\"https:\/\/btp.mazoyer.fr\/\",\"name\":\"mazoyer-btp.fr\",\"description\":\"\",\"potentialAction\":[{\"@type\":\"SearchAction\",\"target\":{\"@type\":\"EntryPoint\",\"urlTemplate\":\"https:\/\/btp.mazoyer.fr\/?s={search_term_string}\"},\"query-input\":{\"@type\":\"PropertyValueSpecification\",\"valueRequired\":true,\"valueName\":\"search_term_string\"}}],\"inLanguage\":\"en-US\"}]}<\/script>\n<!-- \/ Yoast SEO plugin. -->","yoast_head_json":{"title":"Marques - mazoyer-btp.fr","robots":{"index":"index","follow":"follow","max-snippet":"max-snippet:-1","max-image-preview":"max-image-preview:large","max-video-preview":"max-video-preview:-1"},"canonical":"https:\/\/btp.mazoyer.fr\/en\/marques\/","og_locale":"en_US","og_type":"article","og_title":"Marques - mazoyer-btp.fr","og_description":"Marques MACHINES DE CHANTIER Contactez-nous Mat\u00e9riels d&#039;occasion NOS MACHINES DE CHANTIER Mazoyer est sp\u00e9cialis\u00e9 en vente de machines de chantier pr\u00e8s de Dijon. Contactez nos sp\u00e9cialistes des machines de travaux pour en savoir davantage ou pour obtenir un devis. D\u00e9couvrez \u00e9galement nos engins de travaux d\u2019occasion et tenez-vous inform\u00e9 des nouveaut\u00e9s concernant nos machines de travaux publics. Mini-pelles, pelles \u00e0 chenilles\/pneus, chargeuses, chariots t\u00e9lescopiques\/rotatifs&#8230; Depuis + de 60 ans, BOBCAT construit des mat\u00e9riels compacts qui vous aident \u00e0 travailler plus efficacement. Vous pouvez compter sur la performance, la robustesse, le confort et la polyvalence de nos machines et accessoires. Dumpers, chariots t\u00e9lescopiques&#8230; AUSA est constructeur mondial d\u2019engins industriels compacts tout-terrain con\u00e7us pour le transport et la manutention de mat\u00e9riels. Accessoires BTP Fabricant mondial engag\u00e9 dans l\u2019efficacit\u00e9. Le c\u0153ur de l\u2019offre de produits STEELWRIST comprend des attaches rapides, des attaches inclinables et des tiltrotateurs qui, avec le syst\u00e8me de commande, constituent la base d\u2019une plus grande efficacit\u00e9 de la pelle. L\u2019accent mis sur des produits robustes et modernes, associ\u00e9s \u00e0 un service rapide, a \u00e9t\u00e9 appr\u00e9ci\u00e9 par un nombre croissant de clients.","og_url":"https:\/\/btp.mazoyer.fr\/en\/marques\/","og_site_name":"mazoyer-btp.fr","article_modified_time":"2024-12-20T06:45:40+00:00","og_image":[{"url":"https:\/\/btp.mazoyer.fr\/wp-content\/uploads\/2024\/06\/Image-29.jpeg","type":"","width":"","height":""}],"twitter_card":"summary_large_image","twitter_misc":{"Est. reading time":"1 minute"},"schema":{"@context":"https:\/\/schema.org","@graph":[{"@type":"WebPage","@id":"https:\/\/btp.mazoyer.fr\/marques\/","url":"https:\/\/btp.mazoyer.fr\/marques\/","name":"Marques - mazoyer-btp.fr","isPartOf":{"@id":"https:\/\/btp.mazoyer.fr\/#website"},"primaryImageOfPage":{"@id":"https:\/\/btp.mazoyer.fr\/marques\/#primaryimage"},"image":{"@id":"https:\/\/btp.mazoyer.fr\/marques\/#primaryimage"},"thumbnailUrl":"https:\/\/btp.mazoyer.fr\/wp-content\/uploads\/2024\/06\/Image-29.jpeg","datePublished":"2024-01-31T11:19:21+00:00","dateModified":"2024-12-20T06:45:40+00:00","breadcrumb":{"@id":"https:\/\/btp.mazoyer.fr\/marques\/#breadcrumb"},"inLanguage":"en-US","potentialAction":[{"@type":"ReadAction","target":["https:\/\/btp.mazoyer.fr\/marques\/"]}]},{"@type":"ImageObject","inLanguage":"en-US","@id":"https:\/\/btp.mazoyer.fr\/marques\/#primaryimage","url":"https:\/\/btp.mazoyer.fr\/wp-content\/uploads\/2024\/06\/Image-29.jpeg","contentUrl":"https:\/\/btp.mazoyer.fr\/wp-content\/uploads\/2024\/06\/Image-29.jpeg"},{"@type":"BreadcrumbList","@id":"https:\/\/btp.mazoyer.fr\/marques\/#breadcrumb","itemListElement":[{"@type":"ListItem","position":1,"name":"Accueil","item":"https:\/\/btp.mazoyer.fr\/"},{"@type":"ListItem","position":2,"name":"Marques"}]},{"@type":"WebSite","@id":"https:\/\/btp.mazoyer.fr\/#website","url":"https:\/\/btp.mazoyer.fr\/","name":"mazoyer-btp.fr","description":"","potentialAction":[{"@type":"SearchAction","target":{"@type":"EntryPoint","urlTemplate":"https:\/\/btp.mazoyer.fr\/?s={search_term_string}"},"query-input":{"@type":"PropertyValueSpecification","valueRequired":true,"valueName":"search_term_string"}}],"inLanguage":"en-US"}]}},"_links":{"self":[{"href":"https:\/\/btp.mazoyer.fr\/en\/wp-json\/wp\/v2\/pages\/1992","targetHints":{"allow":["GET"]}}],"collection":[{"href":"https:\/\/btp.mazoyer.fr\/en\/wp-json\/wp\/v2\/pages"}],"about":[{"href":"https:\/\/btp.mazoyer.fr\/en\/wp-json\/wp\/v2\/types\/page"}],"author":[{"embeddable":true,"href":"https:\/\/btp.mazoyer.fr\/en\/wp-json\/wp\/v2\/users\/2"}],"replies":[{"embeddable":true,"href":"https:\/\/btp.mazoyer.fr\/en\/wp-json\/wp\/v2\/comments?post=1992"}],"version-history":[{"count":85,"href":"https:\/\/btp.mazoyer.fr\/en\/wp-json\/wp\/v2\/pages\/1992\/revisions"}],"predecessor-version":[{"id":10396,"href":"https:\/\/btp.mazoyer.fr\/en\/wp-json\/wp\/v2\/pages\/1992\/revisions\/10396"}],"wp:attachment":[{"href":"https:\/\/btp.mazoyer.fr\/en\/wp-json\/wp\/v2\/media?parent=1992"}],"curies":[{"name":"wp","href":"https:\/\/api.w.org\/{rel}","templated":true}]}}