{"id":2051,"date":"2024-02-01T11:26:24","date_gmt":"2024-02-01T10:26:24","guid":{"rendered":"https:\/\/btp.mazoyer.fr\/?page_id=2051"},"modified":"2024-11-28T11:16:09","modified_gmt":"2024-11-28T10:16:09","slug":"occasion","status":"publish","type":"page","link":"https:\/\/btp.mazoyer.fr\/en\/occasion\/","title":{"rendered":"Occasion"},"content":{"rendered":"<div data-elementor-type=\"wp-page\" data-elementor-id=\"2051\" class=\"elementor elementor-2051\">\n\t\t\t\t\t\t<section class=\"elementor-section elementor-top-section elementor-element elementor-element-11b5c09 elementor-section-boxed elementor-section-height-default elementor-section-height-default wpr-particle-no wpr-jarallax-no wpr-parallax-no wpr-sticky-section-no\" data-id=\"11b5c09\" data-element_type=\"section\" data-settings=\"{&quot;background_background&quot;:&quot;classic&quot;}\">\n\t\t\t\t\t\t\t<div class=\"elementor-background-overlay\"><\/div>\n\t\t\t\t\t\t\t<div class=\"elementor-container elementor-column-gap-default\">\n\t\t\t\t\t<div class=\"elementor-column elementor-col-100 elementor-top-column elementor-element elementor-element-7e19848\" data-id=\"7e19848\" data-element_type=\"column\">\n\t\t\t<div class=\"elementor-widget-wrap elementor-element-populated\">\n\t\t\t\t\t\t<div class=\"elementor-element elementor-element-d0ceb17 elementor-widget elementor-widget-heading\" data-id=\"d0ceb17\" data-element_type=\"widget\" data-widget_type=\"heading.default\">\n\t\t\t\t<div class=\"elementor-widget-container\">\n\t\t\t\t\t<h2 class=\"elementor-heading-title elementor-size-default\">Occasion<\/h2>\t\t\t\t<\/div>\n\t\t\t\t<\/div>\n\t\t\t\t<div class=\"elementor-element elementor-element-bc691e2 elementor-widget elementor-widget-text-editor\" data-id=\"bc691e2\" data-element_type=\"widget\" data-widget_type=\"text-editor.default\">\n\t\t\t\t<div class=\"elementor-widget-container\">\n\t\t\t\t\t\t\t\t\t<p>\u00c9quipements et Machines pour Travaux Publics chez Mazoyer N\u00e9goce<\/p>\t\t\t\t\t\t\t\t<\/div>\n\t\t\t\t<\/div>\n\t\t<div class=\"elementor-element elementor-element-942298f e-flex e-con-boxed wpr-particle-no wpr-jarallax-no wpr-parallax-no wpr-sticky-section-no e-con e-parent\" data-id=\"942298f\" data-element_type=\"container\">\n\t\t\t\t\t<div class=\"e-con-inner\">\n\t\t<div class=\"elementor-element elementor-element-187620a e-con-full e-flex wpr-particle-no wpr-jarallax-no wpr-parallax-no wpr-sticky-section-no e-con e-child\" data-id=\"187620a\" data-element_type=\"container\">\n\t\t\t\t<div class=\"elementor-element elementor-element-f57f82f wpr-button-icon-style-inline wpr-button-icon-position-right elementor-widget elementor-widget-wpr-button\" data-id=\"f57f82f\" data-element_type=\"widget\" data-widget_type=\"wpr-button.default\">\n\t\t\t\t<div class=\"elementor-widget-container\">\n\t\t\t\t\t\t\n\t\t\t\n\t\t\n\t\t<div class=\"wpr-button-wrap elementor-clearfix\">\n\t\t<a class=\"wpr-button wpr-button-effect wpr-button-none\" data-text=\"Go\" href=\"https:\/\/btp.mazoyer.fr\/en\/contact\/\">\n\t\t\t\n\t\t\t<span class=\"wpr-button-content\">\n\t\t\t\t\t\t\t\t\t<span class=\"wpr-button-text\">Contactez nos sp\u00e9cialistes<\/span>\n\t\t\t\t\t\t\t\t\n\t\t\t\t\t\t\t<\/span>\n\t\t<\/a>\n\n\t\t\t\t<\/div>\n\t\n\t\n\t\t\t\t\t<\/div>\n\t\t\t\t<\/div>\n\t\t\t\t<\/div>\n\t\t\t\t\t<\/div>\n\t\t\t\t<\/div>\n\t\t\t\t\t<\/div>\n\t\t<\/div>\n\t\t\t\t\t<\/div>\n\t\t<\/section>\n\t\t<div class=\"elementor-element elementor-element-c2d08d4 e-flex e-con-boxed wpr-particle-no wpr-jarallax-no wpr-parallax-no wpr-sticky-section-no e-con e-parent\" data-id=\"c2d08d4\" data-element_type=\"container\">\n\t\t\t\t\t<div class=\"e-con-inner\">\n\t\t<div class=\"elementor-element elementor-element-1bc682c e-flex e-con-boxed wpr-particle-no wpr-jarallax-no wpr-parallax-no wpr-sticky-section-no e-con e-child\" data-id=\"1bc682c\" data-element_type=\"container\">\n\t\t\t\t\t<div class=\"e-con-inner\">\n\t\t\t\t<div class=\"elementor-element elementor-element-22951e8 elementor-widget elementor-widget-heading\" data-id=\"22951e8\" data-element_type=\"widget\" data-widget_type=\"heading.default\">\n\t\t\t\t<div class=\"elementor-widget-container\">\n\t\t\t\t\t<h2 class=\"elementor-heading-title elementor-size-default\">TRAVAUX PUBLICS<\/h2>\t\t\t\t<\/div>\n\t\t\t\t<\/div>\n\t\t\t\t<div class=\"elementor-element elementor-element-3eccbf5 elementor-widget elementor-widget-shortcode\" data-id=\"3eccbf5\" data-element_type=\"widget\" data-widget_type=\"shortcode.default\">\n\t\t\t\t<div class=\"elementor-widget-container\">\n\t\t\t\t\t\t\t<div class=\"elementor-shortcode\"><div class=\"product-categories-grid\"><div class=\"product-category-grid-item\"><a href=\"https:\/\/btp.mazoyer.fr\/en\/product-category\/autre\/\"><img decoding=\"async\" src=\"https:\/\/btp.mazoyer.fr\/wp-content\/uploads\/2024\/12\/Purple-and-Green-Natural-Watercolor-Page-Border-Landscape-Document-A4-.png-e1734598789204.png\" alt=\"Autre\" style=\"width:100%;\"><\/a><a class=\"titrecat\" href=\"https:\/\/btp.mazoyer.fr\/en\/product-category\/autre\/\">Autre<\/a><p class=\"category-count\">(0)<\/p><\/div><div class=\"product-category-grid-item\"><a href=\"https:\/\/btp.mazoyer.fr\/en\/product-category\/balayeuse\/\"><img decoding=\"async\" src=\"https:\/\/btp.mazoyer.fr\/wp-content\/uploads\/2024\/06\/IMG_0744.jpeg\" alt=\"Balayeuse\" style=\"width:100%;\"><\/a><a class=\"titrecat\" href=\"https:\/\/btp.mazoyer.fr\/en\/product-category\/balayeuse\/\">Balayeuse<\/a><p class=\"category-count\">(3)<\/p><\/div><div class=\"product-category-grid-item\"><a href=\"https:\/\/btp.mazoyer.fr\/en\/product-category\/bulldozer\/\"><img decoding=\"async\" src=\"https:\/\/btp.mazoyer.fr\/wp-content\/uploads\/2024\/12\/Image-12.jpeg\" alt=\"Bulldozer\" style=\"width:100%;\"><\/a><a class=\"titrecat\" href=\"https:\/\/btp.mazoyer.fr\/en\/product-category\/bulldozer\/\">Bulldozer<\/a><p class=\"category-count\">(0)<\/p><\/div><div class=\"product-category-grid-item\"><a href=\"https:\/\/btp.mazoyer.fr\/en\/product-category\/bungalow\/\"><img decoding=\"async\" src=\"https:\/\/btp.mazoyer.fr\/wp-content\/uploads\/2024\/06\/bungalow.png\" alt=\"Bungalow\" style=\"width:100%;\"><\/a><a class=\"titrecat\" href=\"https:\/\/btp.mazoyer.fr\/en\/product-category\/bungalow\/\">Bungalow<\/a><p class=\"category-count\">(0)<\/p><\/div><div class=\"product-category-grid-item\"><a href=\"https:\/\/btp.mazoyer.fr\/en\/product-category\/camion-poid-lourd\/\"><img decoding=\"async\" src=\"https:\/\/btp.mazoyer.fr\/wp-content\/uploads\/2024\/06\/IMG_0755.jpeg\" alt=\"Camion \/ Poids-lourd\" style=\"width:100%;\"><\/a><a class=\"titrecat\" href=\"https:\/\/btp.mazoyer.fr\/en\/product-category\/camion-poid-lourd\/\">Camion \/ Poids-lourd<\/a><p class=\"category-count\">(3)<\/p><\/div><div class=\"product-category-grid-item\"><a href=\"https:\/\/btp.mazoyer.fr\/en\/product-category\/chargeuse\/\"><img decoding=\"async\" src=\"https:\/\/btp.mazoyer.fr\/wp-content\/uploads\/2024\/06\/IMG_0288.webp\" alt=\"Chargeuse\" style=\"width:100%;\"><\/a><a class=\"titrecat\" href=\"https:\/\/btp.mazoyer.fr\/en\/product-category\/chargeuse\/\">Chargeuse<\/a><p class=\"category-count\">(1)<\/p><\/div><div class=\"product-category-grid-item\"><a href=\"https:\/\/btp.mazoyer.fr\/en\/product-category\/compacteur\/\"><img decoding=\"async\" src=\"https:\/\/btp.mazoyer.fr\/wp-content\/uploads\/2024\/06\/IMG_0283.jpg\" alt=\"Compacteur\" style=\"width:100%;\"><\/a><a class=\"titrecat\" href=\"https:\/\/btp.mazoyer.fr\/en\/product-category\/compacteur\/\">Compacteur<\/a><p class=\"category-count\">(12)<\/p><\/div><div class=\"product-category-grid-item\"><a href=\"https:\/\/btp.mazoyer.fr\/en\/product-category\/compresseur\/\"><img decoding=\"async\" src=\"https:\/\/btp.mazoyer.fr\/wp-content\/uploads\/2024\/06\/IMG_0710-1.jpeg\" alt=\"Compresseur\" style=\"width:100%;\"><\/a><a class=\"titrecat\" href=\"https:\/\/btp.mazoyer.fr\/en\/product-category\/compresseur\/\">Compresseur<\/a><p class=\"category-count\">(0)<\/p><\/div><div class=\"product-category-grid-item\"><a href=\"https:\/\/btp.mazoyer.fr\/en\/product-category\/finisseur\/\"><img decoding=\"async\" src=\"https:\/\/btp.mazoyer.fr\/wp-content\/uploads\/2024\/12\/Image-13.jpeg\" alt=\"Finisseur\" style=\"width:100%;\"><\/a><a class=\"titrecat\" href=\"https:\/\/btp.mazoyer.fr\/en\/product-category\/finisseur\/\">Finisseur<\/a><p class=\"category-count\">(0)<\/p><\/div><div class=\"product-category-grid-item\"><a href=\"https:\/\/btp.mazoyer.fr\/en\/product-category\/groupe-electrogene\/\"><img decoding=\"async\" src=\"https:\/\/btp.mazoyer.fr\/wp-content\/uploads\/2024\/06\/IMG_0280.webp\" alt=\"Groupe \u00e9lectrog\u00e8ne\" style=\"width:100%;\"><\/a><a class=\"titrecat\" href=\"https:\/\/btp.mazoyer.fr\/en\/product-category\/groupe-electrogene\/\">Groupe \u00e9lectrog\u00e8ne<\/a><p class=\"category-count\">(1)<\/p><\/div><div class=\"product-category-grid-item\"><a href=\"https:\/\/btp.mazoyer.fr\/en\/product-category\/materiels-de-chantier\/\"><img decoding=\"async\" src=\"https:\/\/btp.mazoyer.fr\/wp-content\/uploads\/2024\/07\/IMG_1409.jpeg\" alt=\"Mat\u00e9riels de chantier\" style=\"width:100%;\"><\/a><a class=\"titrecat\" href=\"https:\/\/btp.mazoyer.fr\/en\/product-category\/materiels-de-chantier\/\">Mat\u00e9riels de chantier<\/a><p class=\"category-count\">(2)<\/p><\/div><div class=\"product-category-grid-item\"><a href=\"https:\/\/btp.mazoyer.fr\/en\/product-category\/mini-pelle\/\"><img decoding=\"async\" src=\"https:\/\/btp.mazoyer.fr\/wp-content\/uploads\/2024\/06\/IMG_0278.png\" alt=\"Mini-pelle\" style=\"width:100%;\"><\/a><a class=\"titrecat\" href=\"https:\/\/btp.mazoyer.fr\/en\/product-category\/mini-pelle\/\">Mini-pelle<\/a><p class=\"category-count\">(3)<\/p><\/div><div class=\"product-category-grid-item\"><a href=\"https:\/\/btp.mazoyer.fr\/en\/product-category\/niveleuse\/\"><img decoding=\"async\" src=\"https:\/\/btp.mazoyer.fr\/wp-content\/uploads\/2024\/12\/Image-14.jpeg\" alt=\"Niveleuse\" style=\"width:100%;\"><\/a><a class=\"titrecat\" href=\"https:\/\/btp.mazoyer.fr\/en\/product-category\/niveleuse\/\">Niveleuse<\/a><p class=\"category-count\">(0)<\/p><\/div><div class=\"product-category-grid-item\"><a href=\"https:\/\/btp.mazoyer.fr\/en\/product-category\/pelle\/\"><img decoding=\"async\" src=\"https:\/\/btp.mazoyer.fr\/wp-content\/uploads\/2024\/06\/IMG_0276.jpg\" alt=\"Pelle\" style=\"width:100%;\"><\/a><a class=\"titrecat\" href=\"https:\/\/btp.mazoyer.fr\/en\/product-category\/pelle\/\">Pelle<\/a><p class=\"category-count\">(3)<\/p><\/div><div class=\"product-category-grid-item\"><a href=\"https:\/\/btp.mazoyer.fr\/en\/product-category\/ramasseur\/\"><img decoding=\"async\" src=\"https:\/\/btp.mazoyer.fr\/wp-content\/uploads\/2024\/07\/Image-35.jpeg\" alt=\"Ramasseur\" style=\"width:100%;\"><\/a><a class=\"titrecat\" href=\"https:\/\/btp.mazoyer.fr\/en\/product-category\/ramasseur\/\">Ramasseur<\/a><p class=\"category-count\">(1)<\/p><\/div><div class=\"product-category-grid-item\"><a href=\"https:\/\/btp.mazoyer.fr\/en\/product-category\/remorque-porte-engin\/\"><img decoding=\"async\" src=\"https:\/\/btp.mazoyer.fr\/wp-content\/uploads\/2024\/06\/IMG_0697.jpeg\" alt=\"Remorque \/ Porte-engin\" style=\"width:100%;\"><\/a><a class=\"titrecat\" href=\"https:\/\/btp.mazoyer.fr\/en\/product-category\/remorque-porte-engin\/\">Remorque \/ Porte-engin<\/a><p class=\"category-count\">(4)<\/p><\/div><div class=\"product-category-grid-item\"><a href=\"https:\/\/btp.mazoyer.fr\/en\/product-category\/tombereau-dumper\/\"><img decoding=\"async\" src=\"https:\/\/btp.mazoyer.fr\/wp-content\/uploads\/2024\/06\/IMG_0282.png\" alt=\"Tombereau \/ Dumper\" style=\"width:100%;\"><\/a><a class=\"titrecat\" href=\"https:\/\/btp.mazoyer.fr\/en\/product-category\/tombereau-dumper\/\">Tombereau \/ Dumper<\/a><p class=\"category-count\">(4)<\/p><\/div><div class=\"product-category-grid-item\"><a href=\"https:\/\/btp.mazoyer.fr\/en\/product-category\/vehicule-leger\/\"><img decoding=\"async\" src=\"https:\/\/btp.mazoyer.fr\/wp-content\/uploads\/2024\/06\/IMG_0748.jpeg\" alt=\"V\u00e9hicule l\u00e9ger\" style=\"width:100%;\"><\/a><a class=\"titrecat\" href=\"https:\/\/btp.mazoyer.fr\/en\/product-category\/vehicule-leger\/\">V\u00e9hicule l\u00e9ger<\/a><p class=\"category-count\">(0)<\/p><\/div><\/div><\/div>\n\t\t\t\t\t\t<\/div>\n\t\t\t\t<\/div>\n\t\t\t\t\t<\/div>\n\t\t\t\t<\/div>\n\t\t\t\t\t<\/div>\n\t\t\t\t<\/div>\n\t\t\t\t<\/div>","protected":false},"excerpt":{"rendered":"<p>Occasion \u00c9quipements et Machines pour Travaux Publics chez Mazoyer N\u00e9goce Contactez nos sp\u00e9cialistes TRAVAUX PUBLICS<\/p>","protected":false},"author":2,"featured_media":0,"parent":0,"menu_order":0,"comment_status":"closed","ping_status":"closed","template":"elementor_canvas","meta":{"_acf_changed":false,"footnotes":""},"class_list":["post-2051","page","type-page","status-publish","hentry"],"acf":[],"yoast_head":"<!-- This site is optimized with the Yoast SEO plugin v24.1 - https:\/\/yoast.com\/wordpress\/plugins\/seo\/ -->\n<title>Occasion - mazoyer-btp.fr<\/title>\n<meta name=\"robots\" content=\"index, follow, max-snippet:-1, max-image-preview:large, max-video-preview:-1\" \/>\n<link rel=\"canonical\" href=\"https:\/\/btp.mazoyer.fr\/en\/occasion\/\" \/>\n<meta property=\"og:locale\" content=\"en_US\" \/>\n<meta property=\"og:type\" content=\"article\" \/>\n<meta property=\"og:title\" content=\"Occasion - mazoyer-btp.fr\" \/>\n<meta property=\"og:description\" content=\"Occasion \u00c9quipements et Machines pour Travaux Publics chez Mazoyer N\u00e9goce Contactez nos sp\u00e9cialistes TRAVAUX PUBLICS\" \/>\n<meta property=\"og:url\" content=\"https:\/\/btp.mazoyer.fr\/en\/occasion\/\" \/>\n<meta property=\"og:site_name\" content=\"mazoyer-btp.fr\" \/>\n<meta property=\"article:modified_time\" content=\"2024-11-28T10:16:09+00:00\" \/>\n<meta name=\"twitter:card\" content=\"summary_large_image\" \/>\n<meta name=\"twitter:label1\" content=\"Est. reading time\" \/>\n\t<meta name=\"twitter:data1\" content=\"1 minute\" \/>\n<script type=\"application\/ld+json\" class=\"yoast-schema-graph\">{\"@context\":\"https:\/\/schema.org\",\"@graph\":[{\"@type\":\"WebPage\",\"@id\":\"https:\/\/btp.mazoyer.fr\/occasion\/\",\"url\":\"https:\/\/btp.mazoyer.fr\/occasion\/\",\"name\":\"Occasion - mazoyer-btp.fr\",\"isPartOf\":{\"@id\":\"https:\/\/btp.mazoyer.fr\/#website\"},\"datePublished\":\"2024-02-01T10:26:24+00:00\",\"dateModified\":\"2024-11-28T10:16:09+00:00\",\"breadcrumb\":{\"@id\":\"https:\/\/btp.mazoyer.fr\/occasion\/#breadcrumb\"},\"inLanguage\":\"en-US\",\"potentialAction\":[{\"@type\":\"ReadAction\",\"target\":[\"https:\/\/btp.mazoyer.fr\/occasion\/\"]}]},{\"@type\":\"BreadcrumbList\",\"@id\":\"https:\/\/btp.mazoyer.fr\/occasion\/#breadcrumb\",\"itemListElement\":[{\"@type\":\"ListItem\",\"position\":1,\"name\":\"Accueil\",\"item\":\"https:\/\/btp.mazoyer.fr\/\"},{\"@type\":\"ListItem\",\"position\":2,\"name\":\"Occasion\"}]},{\"@type\":\"WebSite\",\"@id\":\"https:\/\/btp.mazoyer.fr\/#website\",\"url\":\"https:\/\/btp.mazoyer.fr\/\",\"name\":\"mazoyer-btp.fr\",\"description\":\"\",\"potentialAction\":[{\"@type\":\"SearchAction\",\"target\":{\"@type\":\"EntryPoint\",\"urlTemplate\":\"https:\/\/btp.mazoyer.fr\/?s={search_term_string}\"},\"query-input\":{\"@type\":\"PropertyValueSpecification\",\"valueRequired\":true,\"valueName\":\"search_term_string\"}}],\"inLanguage\":\"en-US\"}]}<\/script>\n<!-- \/ Yoast SEO plugin. -->","yoast_head_json":{"title":"Occasion - mazoyer-btp.fr","robots":{"index":"index","follow":"follow","max-snippet":"max-snippet:-1","max-image-preview":"max-image-preview:large","max-video-preview":"max-video-preview:-1"},"canonical":"https:\/\/btp.mazoyer.fr\/en\/occasion\/","og_locale":"en_US","og_type":"article","og_title":"Occasion - mazoyer-btp.fr","og_description":"Occasion \u00c9quipements et Machines pour Travaux Publics chez Mazoyer N\u00e9goce Contactez nos sp\u00e9cialistes TRAVAUX PUBLICS","og_url":"https:\/\/btp.mazoyer.fr\/en\/occasion\/","og_site_name":"mazoyer-btp.fr","article_modified_time":"2024-11-28T10:16:09+00:00","twitter_card":"summary_large_image","twitter_misc":{"Est. reading time":"1 minute"},"schema":{"@context":"https:\/\/schema.org","@graph":[{"@type":"WebPage","@id":"https:\/\/btp.mazoyer.fr\/occasion\/","url":"https:\/\/btp.mazoyer.fr\/occasion\/","name":"Occasion - mazoyer-btp.fr","isPartOf":{"@id":"https:\/\/btp.mazoyer.fr\/#website"},"datePublished":"2024-02-01T10:26:24+00:00","dateModified":"2024-11-28T10:16:09+00:00","breadcrumb":{"@id":"https:\/\/btp.mazoyer.fr\/occasion\/#breadcrumb"},"inLanguage":"en-US","potentialAction":[{"@type":"ReadAction","target":["https:\/\/btp.mazoyer.fr\/occasion\/"]}]},{"@type":"BreadcrumbList","@id":"https:\/\/btp.mazoyer.fr\/occasion\/#breadcrumb","itemListElement":[{"@type":"ListItem","position":1,"name":"Accueil","item":"https:\/\/btp.mazoyer.fr\/"},{"@type":"ListItem","position":2,"name":"Occasion"}]},{"@type":"WebSite","@id":"https:\/\/btp.mazoyer.fr\/#website","url":"https:\/\/btp.mazoyer.fr\/","name":"mazoyer-btp.fr","description":"","potentialAction":[{"@type":"SearchAction","target":{"@type":"EntryPoint","urlTemplate":"https:\/\/btp.mazoyer.fr\/?s={search_term_string}"},"query-input":{"@type":"PropertyValueSpecification","valueRequired":true,"valueName":"search_term_string"}}],"inLanguage":"en-US"}]}},"_links":{"self":[{"href":"https:\/\/btp.mazoyer.fr\/en\/wp-json\/wp\/v2\/pages\/2051","targetHints":{"allow":["GET"]}}],"collection":[{"href":"https:\/\/btp.mazoyer.fr\/en\/wp-json\/wp\/v2\/pages"}],"about":[{"href":"https:\/\/btp.mazoyer.fr\/en\/wp-json\/wp\/v2\/types\/page"}],"author":[{"embeddable":true,"href":"https:\/\/btp.mazoyer.fr\/en\/wp-json\/wp\/v2\/users\/2"}],"replies":[{"embeddable":true,"href":"https:\/\/btp.mazoyer.fr\/en\/wp-json\/wp\/v2\/comments?post=2051"}],"version-history":[{"count":67,"href":"https:\/\/btp.mazoyer.fr\/en\/wp-json\/wp\/v2\/pages\/2051\/revisions"}],"predecessor-version":[{"id":10350,"href":"https:\/\/btp.mazoyer.fr\/en\/wp-json\/wp\/v2\/pages\/2051\/revisions\/10350"}],"wp:attachment":[{"href":"https:\/\/btp.mazoyer.fr\/en\/wp-json\/wp\/v2\/media?parent=2051"}],"curies":[{"name":"wp","href":"https:\/\/api.w.org\/{rel}","templated":true}]}}